{"id":11,"date":"2021-03-09T23:42:58","date_gmt":"2021-03-09T23:42:58","guid":{"rendered":"http:\/\/kompenzaciokft.hu\/?page_id=11"},"modified":"2021-03-14T09:46:15","modified_gmt":"2021-03-14T09:46:15","slug":"rolunk","status":"publish","type":"page","link":"https:\/\/kompenzaciokft.hu\/","title":{"rendered":"R\u00f3lunk"},"content":{"rendered":"\n<p>A <strong>Kompenz\u00e1ci\u00f3 Co Kft<\/strong> mint Biztos\u00edt\u00e1si Alkusz 2007-ben alakult Veszpr\u00e9mben. C\u00e9g\u00fcnk F\u00fcggetlen Biztos\u00edt\u00e1si tev\u00e9kenys\u00e9get folytat.<\/p>\n\n\n\n<p>\u00dcgyfeleink sz\u00e1ma minden \u00e9vben n\u00f6vekszik. \u00dcgyfel\u00fcnk t\u00f6bb sz\u00e1z&nbsp; kis- \u00e9s k\u00f6z\u00e9pv\u00e1llalkoz\u00e1s \u00e9s t\u00f6bb ezer&nbsp; mag\u00e1nszem\u00e9ly.<\/p>\n\n\n\n<p>Els\u0151dleges feladatunknak a Partnerek teljes k\u00f6r\u0171 t\u00e1mogat\u00e1s\u00e1t tekintj\u00fck. &nbsp;A Kompenz\u00e1ci\u00f3 Co Kft Munkat\u00e1rsai vele egy\u00fcttm\u0171k\u00f6d\u0151 biztos\u00edt\u00f3t\u00e1rsas\u00e1gok k\u00edn\u00e1lat\u00e1b\u00f3l megkeresi \u00e9s \u00f6sszehasonl\u00edtja a megb\u00edz\u00f3ja ig\u00e9nyeinek legink\u00e1bb megfelel\u0151 biztos\u00edt\u00e1si term\u00e9keit.<\/p>\n\n\n\n<p>Legf\u0151bb c\u00e9lunk az \u00fcgyfeleknek a szerz\u0151d\u00e9sek kialak\u00edt\u00e1s\u00e1t\u00f3l t\u00f6rt\u00e9n\u0151 t\u00e1mogat\u00e1sa, szakmai seg\u00edts\u00e9gny\u00fajt\u00e1sa!<\/p>\n\n\n\n<p>A T\u00e1rsas\u00e1g k\u00f6zrem\u0171k\u00f6dik a k\u00e1rrendez\u00e9sben, mindennem\u0171 \u00fcgyint\u00e9z\u00e9sben,<\/p>\n","protected":false},"excerpt":{"rendered":"<p>A Kompenz\u00e1ci\u00f3 Co Kft mint Biztos\u00edt\u00e1si Alkusz 2007-ben alakult Veszpr\u00e9mben. C\u00e9g\u00fcnk F\u00fcggetlen Biztos\u00edt\u00e1si tev\u00e9kenys\u00e9get folytat. \u00dcgyfeleink sz\u00e1ma minden \u00e9vben n\u00f6vekszik. \u00dcgyfel\u00fcnk t\u00f6bb sz\u00e1z&nbsp; kis- \u00e9s k\u00f6z\u00e9pv\u00e1llalkoz\u00e1s \u00e9s t\u00f6bb ezer&nbsp; mag\u00e1nszem\u00e9ly. Els\u0151dleges feladatunknak a Partnerek teljes k\u00f6r\u0171 t\u00e1mogat\u00e1s\u00e1t tekintj\u00fck. &nbsp;A Kompenz\u00e1ci\u00f3 Co Kft Munkat\u00e1rsai vele egy\u00fcttm\u0171k\u00f6d\u0151 biztos\u00edt\u00f3t\u00e1rsas\u00e1gok k\u00edn\u00e1lat\u00e1b\u00f3l megkeresi \u00e9s \u00f6sszehasonl\u00edtja a megb\u00edz\u00f3ja ig\u00e9nyeinek legink\u00e1bb megfelel\u0151&hellip;&nbsp;<a href=\"https:\/\/kompenzaciokft.hu\/\" rel=\"bookmark\">Read More &raquo;<span class=\"screen-reader-text\">R\u00f3lunk<\/span><\/a><\/p>\n","protected":false},"author":1,"featured_media":0,"parent":0,"menu_order":0,"comment_status":"closed","ping_status":"closed","template":"","meta":{"neve_meta_sidebar":"","neve_meta_container":"","neve_meta_enable_content_width":"","neve_meta_content_width":0,"neve_meta_title_alignment":"","neve_meta_author_avatar":"","neve_post_elements_order":"","neve_meta_disable_header":"","neve_meta_disable_footer":"","neve_meta_disable_title":"","footnotes":""},"class_list":["post-11","page","type-page","status-publish","hentry"],"_links":{"self":[{"href":"https:\/\/kompenzaciokft.hu\/index.php?rest_route=\/wp\/v2\/pages\/11","targetHints":{"allow":["GET"]}}],"collection":[{"href":"https:\/\/kompenzaciokft.hu\/index.php?rest_route=\/wp\/v2\/pages"}],"about":[{"href":"https:\/\/kompenzaciokft.hu\/index.php?rest_route=\/wp\/v2\/types\/page"}],"author":[{"embeddable":true,"href":"https:\/\/kompenzaciokft.hu\/index.php?rest_route=\/wp\/v2\/users\/1"}],"replies":[{"embeddable":true,"href":"https:\/\/kompenzaciokft.hu\/index.php?rest_route=%2Fwp%2Fv2%2Fcomments&post=11"}],"version-history":[{"count":3,"href":"https:\/\/kompenzaciokft.hu\/index.php?rest_route=\/wp\/v2\/pages\/11\/revisions"}],"predecessor-version":[{"id":40,"href":"https:\/\/kompenzaciokft.hu\/index.php?rest_route=\/wp\/v2\/pages\/11\/revisions\/40"}],"wp:attachment":[{"href":"https:\/\/kompenzaciokft.hu\/index.php?rest_route=%2Fwp%2Fv2%2Fmedia&parent=11"}],"curies":[{"name":"wp","href":"https:\/\/api.w.org\/{rel}","templated":true}]}}